{"id":2105,"date":"2020-07-30T10:10:43","date_gmt":"2020-07-30T08:10:43","guid":{"rendered":"https:\/\/cameraecolazione.bio\/?page_id=2105"},"modified":"2020-09-22T14:57:52","modified_gmt":"2020-09-22T12:57:52","slug":"fotogallerie","status":"publish","type":"page","link":"https:\/\/www.cameraecolazione.bio\/de\/fotogallerie\/","title":{"rendered":"Fotogallerie"},"content":{"rendered":"<h2>\n\t\tTourismusattraktionen\n\t<\/h2>\n\t<p>Von <strong>Martirano Lombardo<\/strong> aus k\u00f6nnen mehrere <em>Sehensw\u00fcrdigkeiten<\/em> wie mittelalterliche D\u00f6rfer, Wallfahrtsorte, wichtige St\u00e4dte oder Badeorte besucht werden. Hier finden Sie unsere Auswahl an Attraktionen, nach Entfernung aufgeteilt.<\/p>\n\t\t\t\t<a href=\"http:\/\/www.calabriadasogno.it\/ponte-piu-antico-ditalia-si-trova-calabria-ed-protetto-dallunesco\/\" target=\"_blank\" rel=\"noopener noreferrer\" itemprop=\"url\">\n\t\t\t\t<img loading=\"lazy\" decoding=\"async\" src=\"https:\/\/www.cameraecolazione.bio\/wp-content\/uploads\/2019\/09\/199262881.jpg\" alt=\"R\u00f6mische Br\u00fccke genannt von &quot;Hannibal&quot; - Scigliano (Cs)\" itemprop=\"image\" height=\"683\" width=\"1024\" title=\"R\u00f6mische Br\u00fccke genannt von &quot;Hannibal&quot; - Scigliano (Cs)\" onerror=\"this.style.display='none'\"  \/>\n\t\t\t\t<\/a>\n\t\tFoto von calabriadasogno.it\n\t<p><strong>Im Umkreis von 15 Minuten<\/strong><\/p>\n<ul>\n<li><a href=\"https:\/\/it.wikipedia.org\/wiki\/Martirano\">Martirano antico<\/a>\u00a0\u2013 mittelalterliches Dorf mit Kirchen und Torb\u00f6gen aus dem 17ten und 18ten Jahrhundert<\/li>\n<li><a href=\"https:\/\/conflenti.italiani.it\/scopricitta\/basilica-santuario-maria-ss-della-quercia\/\">Marienwallfahrtsort der HL. Maria delle Grazie della Quercia<\/a>\u00a0di Visora in Conflenti<\/li>\n<li><a href=\"http:\/\/www.calabriadasogno.it\/ponte-piu-antico-ditalia-si-trova-calabria-ed-protetto-dallunesco\/\">R\u00f6mische Br\u00fccke genannt \u2018von Hannibal<\/a>\u2019 an der Via Annia Popilia, in Scigliano<\/li>\n<li><a href=\"http:\/\/www.parcobombarda.com\/\">Bombarda<\/a>, Ausflugsziel im Gr\u00fcnen mit verschiedenen Aktivit\u00e4ten, auf dem Berg Mancuso<\/li>\n<li><a href=\"https:\/\/www.trovaspiagge.it\/falerna-marina\/\">Sandstr\u00e4nde<\/a>\u00a0 von Falerna, Gizzeria und Nocera<\/li>\n<\/ul>\n\t<p><strong>Im Umkreis von einer halben Stunde<\/strong><\/p>\n<ul>\n<li><a href=\"https:\/\/lameziaterme.italiani.it\/serrastretta-nel-tempo-il-passato-rivive-nel-presente\/?fbclid=IwAR1-tU9wOkSDIBgFWIH3Yb1GwhGzI9QRj-AkTN_9ZR8DaUufK6d8-x7O-HI\">Serrastretta<\/a>\u00a0\u2013 mittelalterliches Dorf ber\u00fchmt f\u00fcr handwerkliche Tisch- und Sesselproduktion<\/li>\n<li><a href=\"http:\/\/www.lametino.it\/Ultimora\/il-sangue-come-strumento-di-purificazione-si-rinnova-il-secolare-rito-dei-vattienti-a-nocera-terinese.html\">Nocera Terinese<\/a>\u00a0\u2013sehenswertes Dorf mit der ber\u00fchmten Karfreitag Prozession der &#8218;Vattienti&#8216;<\/li>\n<li><a href=\"https:\/\/www.turiscalabria.it\/website\/?lang=it&amp;categoria=\/dove-andare\/paesi\/&amp;view_type=s&amp;id=74&amp;title=amantea.html\">Amantea<\/a>\u00a0\u2013Stadt mit historischem Zentrum und imposanter Burgruine und mit dem besten Pistazieneis (Sicoli) der Gegend<\/li>\n<li><a href=\"http:\/\/www.santuariopaola.it\/\">Paola<\/a>\u00a0\u2013 Geburts- und Wallfahrtsort des HL. Franz von Paola<\/li>\n<li><a href=\"http:\/\/www.lameziastorica.it\/castello-mito.html\">Nicastro<\/a>\u00a0\u2013 antike Stadt, sehenswert ist das Di\u00f6zesanmuseum und die Ruinen einer Normannenburg<\/li>\n<\/ul>\n\t<p><strong>Im Umkreis von einer Stunde<\/strong><\/p>\n<ul>\n<li><a href=\"http:\/\/www.cosenzaturismo.it\/scoprila\/monumenti\/\">Cosenza<\/a>\u00a0\u2013 antike und moderne Handelsstadt, sehenswert sind die Hohenstaufferburg mit verschiedenen Ausstellungen, Kirche der Domenikaner und Kirche von Franz von Assisi<\/li>\n<li><a href=\"https:\/\/www.geoplan.it\/resultati\/C2430\/monumenti\">Catanzaro<\/a>\u00a0\u2013 Stadt erbaut auf H\u00fcgeln und mit Br\u00fccken verbunden, die Ausgrabungen von Scolacium sind sehenswert<\/li>\n<li><a href=\"http:\/\/www.hangloosebeach.it\/\">Sandstrand &#8218;pesce e anguille&#8216;<\/a>\u00a0ber\u00fchmt f\u00fcr Kyte-surf Schule (Hangloose beach)<\/li>\n<li><a href=\"http:\/\/www.parcosila.it\/it\/\">Sila<\/a>\u00a0\u2013 Nationalpark im Gebirge, S\u00fc\u00dfwasser See, Mammutb\u00e4ume und der sehenswerten kleinen Stadt San Giovanni in Fiore, ber\u00fchmt f\u00fcr die Goldschmiedekunst<\/li>\n<li><a href=\"http:\/\/atlante.beniculturalicalabria.it\/luoghi_della_cultura.php?action=LIST&amp;step=1&amp;TIP=db05\">Tour der bekannten Burgruinen<\/a>\u00a0\u2013 Cleto, Savuto e Aiello<\/li>\n<li><a href=\"http:\/\/www.tirioloturistica.it\/it\/home-it\/\">Tiriolo<\/a>\u00a0\u2013Stadt der zwei Meere, neolythische Ansiedlung und st\u00e4ndige Ausstellung kalabresischer Trachten<\/li>\n<li><a href=\"http:\/\/www.pizzocalabro.it\/Guida_turistico_culturale\/index.htm\">Pizzo<\/a>\u00a0\u2013 bekannt wegen der Burg in der Joaquin Murat, Vizek\u00f6nig von Neapel und Schwager von Napoleon, get\u00f6tet wurde und wegen des weltber\u00fchmten &#8218;Tartufo Eis&#8216;<\/li>\n<\/ul>\n\t<p><strong>Andere<\/strong><\/p>\n<ul>\n<li><a href=\"https:\/\/www.comune.tropea.vv.it\/\">Tropea<\/a>\u00a0\u2013 erbaut auf einem Felsvorsprung, wundersch\u00f6nes Meer, ber\u00fchmt wegen der roten s\u00fc\u00dfen Zwiebeln<\/li>\n<li><a href=\"https:\/\/ilcalicediebe.com\/2018\/08\/07\/scilla-e-la-tradizione-del-pesce-spada\/\">Scilla<\/a>\u00a0\u2013 Chianalea, altes Fischerdorf, traditioneller Schwertfischfang im Oktober<\/li>\n<li><a href=\"https:\/\/www.reggiocalabriaturismo.it\/\">Reggio Calabria<\/a>\u00a0\u2013 \u00a0ber\u00fchmte Strandpromenade mit Sicht auf Sizilien und arch\u00e4ologisches Nationalmuseum (Bronzi di Riace)<\/li>\n<li><a href=\"https:\/\/www.lacooltura.com\/2015\/10\/sibari-la-luce-greca-della-calabria\/\">Sibari<\/a>\u00a0\u2013 griechische und r\u00f6mische Ausgrabungen mit Nationalmuseum<\/li>\n<li><a href=\"http:\/\/www.rossanoturismo.it\/ita\/\">Rossano<\/a>\u00a0\u2013auf einer Hochebene erbaut, sehenswerter Dom in dessen Museum der ber\u00fchmte Codex Purpureus aufbewahrt wird<\/li>\n<li><a href=\"http:\/\/www.prolocotaverna.it\/visita-taverna\/museo-civico-taverna.html\">Taverna<\/a>\u00a0\u2013\u00a0Geburtsstadt des caravaggesken Malers Mattia Preti<\/li>\n<li><a href=\"http:\/\/www.prolocolecastella.it\/index.php?id=18\">Le Castella<\/a>\u00a0\u2013\u00a0imposante aragonische Burg am Meeresspiegel gebaut<\/li>\n<li><a href=\"https:\/\/www.tropea-isole-eolie-comerci.it\/package\/escursioni-vulcano-lipari-stromboli\/\">\u00c4olische Inseln<\/a>\u00a0\u2013 t\u00e4glich erreichbar aus Vibo Valentia<\/li>\n<li><a href=\"https:\/\/www.sottocoperta.net\/mercatini\/calabria\/catanzaro\/mercati-nella-provincia-di-catanzaro\/\">Wochenm\u00e4rkte<\/a>\u00a0typisch in allen Gemeinden<\/li>\n<\/ul>\n","protected":false},"excerpt":{"rendered":"<p>Tourismusattraktionen Von Martirano Lombardo aus k\u00f6nnen mehrere Sehensw\u00fcrdigkeiten wie mittelalterliche D\u00f6rfer, Wallfahrtsorte, wichtige St\u00e4dte oder Badeorte besucht werden. Hier finden Sie unsere Auswahl an Attraktionen, nach Entfernung aufgeteilt. Foto von calabriadasogno.it Im Umkreis von 15 Minuten Martirano antico\u00a0\u2013 mittelalterliches Dorf mit Kirchen und Torb\u00f6gen aus dem 17ten und 18ten Jahrhundert Marienwallfahrtsort der HL. Maria delle [&hellip;]<\/p>\n","protected":false},"author":7,"featured_media":0,"parent":0,"menu_order":0,"comment_status":"closed","ping_status":"closed","template":"","meta":{"_uag_custom_page_level_css":"","site-sidebar-layout":"default","site-content-layout":"default","ast-site-content-layout":"default","site-content-style":"default","site-sidebar-style":"default","ast-global-header-display":"","ast-banner-title-visibility":"","ast-main-header-display":"","ast-hfb-above-header-display":"","ast-hfb-below-header-display":"","ast-hfb-mobile-header-display":"","site-post-title":"","ast-breadcrumbs-content":"","ast-featured-img":"","footer-sml-layout":"","ast-disable-related-posts":"","theme-transparent-header-meta":"default","adv-header-id-meta":"","stick-header-meta":"","header-above-stick-meta":"","header-main-stick-meta":"","header-below-stick-meta":"","astra-migrate-meta-layouts":"default","ast-page-background-enabled":"default","ast-page-background-meta":{"desktop":{"background-color":"var(--ast-global-color-4)","background-image":"","background-repeat":"repeat","background-position":"center center","background-size":"auto","background-attachment":"scroll","background-type":"","background-media":"","overlay-type":"","overlay-color":"","overlay-opacity":"","overlay-gradient":""},"tablet":{"background-color":"","background-image":"","background-repeat":"repeat","background-position":"center center","background-size":"auto","background-attachment":"scroll","background-type":"","background-media":"","overlay-type":"","overlay-color":"","overlay-opacity":"","overlay-gradient":""},"mobile":{"background-color":"","background-image":"","background-repeat":"repeat","background-position":"center center","background-size":"auto","background-attachment":"scroll","background-type":"","background-media":"","overlay-type":"","overlay-color":"","overlay-opacity":"","overlay-gradient":""}},"ast-content-background-meta":{"desktop":{"background-color":"var(--ast-global-color-5)","background-image":"","background-repeat":"repeat","background-position":"center center","background-size":"auto","background-attachment":"scroll","background-type":"","background-media":"","overlay-type":"","overlay-color":"","overlay-opacity":"","overlay-gradient":""},"tablet":{"background-color":"var(--ast-global-color-5)","background-image":"","background-repeat":"repeat","background-position":"center center","background-size":"auto","background-attachment":"scroll","background-type":"","background-media":"","overlay-type":"","overlay-color":"","overlay-opacity":"","overlay-gradient":""},"mobile":{"background-color":"var(--ast-global-color-5)","background-image":"","background-repeat":"repeat","background-position":"center center","background-size":"auto","background-attachment":"scroll","background-type":"","background-media":"","overlay-type":"","overlay-color":"","overlay-opacity":"","overlay-gradient":""}},"footnotes":""},"class_list":["post-2105","page","type-page","status-publish","hentry"],"uagb_featured_image_src":{"full":false,"thumbnail":false,"medium":false,"medium_large":false,"large":false,"1536x1536":false,"2048x2048":false},"uagb_author_info":{"display_name":"Francesco De Medici","author_link":"https:\/\/www.cameraecolazione.bio\/de\/author\/francesco-de-medici\/"},"uagb_comment_info":0,"uagb_excerpt":"Tourismusattraktionen Von Martirano Lombardo aus k\u00f6nnen mehrere Sehensw\u00fcrdigkeiten wie mittelalterliche D\u00f6rfer, Wallfahrtsorte, wichtige St\u00e4dte oder Badeorte besucht werden. Hier finden Sie unsere Auswahl an Attraktionen, nach Entfernung aufgeteilt. Foto von calabriadasogno.it Im Umkreis von 15 Minuten Martirano antico\u00a0\u2013 mittelalterliches Dorf mit Kirchen und Torb\u00f6gen aus dem 17ten und 18ten Jahrhundert Marienwallfahrtsort der HL. Maria delle&hellip;","_links":{"self":[{"href":"https:\/\/www.cameraecolazione.bio\/de\/wp-json\/wp\/v2\/pages\/2105","targetHints":{"allow":["GET"]}}],"collection":[{"href":"https:\/\/www.cameraecolazione.bio\/de\/wp-json\/wp\/v2\/pages"}],"about":[{"href":"https:\/\/www.cameraecolazione.bio\/de\/wp-json\/wp\/v2\/types\/page"}],"author":[{"embeddable":true,"href":"https:\/\/www.cameraecolazione.bio\/de\/wp-json\/wp\/v2\/users\/7"}],"replies":[{"embeddable":true,"href":"https:\/\/www.cameraecolazione.bio\/de\/wp-json\/wp\/v2\/comments?post=2105"}],"version-history":[{"count":2,"href":"https:\/\/www.cameraecolazione.bio\/de\/wp-json\/wp\/v2\/pages\/2105\/revisions"}],"predecessor-version":[{"id":2265,"href":"https:\/\/www.cameraecolazione.bio\/de\/wp-json\/wp\/v2\/pages\/2105\/revisions\/2265"}],"wp:attachment":[{"href":"https:\/\/www.cameraecolazione.bio\/de\/wp-json\/wp\/v2\/media?parent=2105"}],"curies":[{"name":"wp","href":"https:\/\/api.w.org\/{rel}","templated":true}]}}