{"id":1676,"date":"2019-09-27T11:41:56","date_gmt":"2019-09-27T09:41:56","guid":{"rendered":"https:\/\/cameraecolazione.bio\/das-haus-das-sie-beherbergen-wird\/"},"modified":"2020-02-14T12:53:58","modified_gmt":"2020-02-14T11:53:58","slug":"das-haus-das-sie-beherbergen-wird","status":"publish","type":"page","link":"https:\/\/www.cameraecolazione.bio\/de\/das-haus-das-sie-beherbergen-wird\/","title":{"rendered":"Das Haus, das Sie beherbergen wird"},"content":{"rendered":"\n\t\t\t\t<img loading=\"lazy\" decoding=\"async\" src=\"https:\/\/www.cameraecolazione.bio\/wp-content\/uploads\/2019\/08\/camera-e-colazione-foto-esterno-02.jpg\" alt=\"Camera e Colazione - Panorama\" itemprop=\"image\" height=\"800\" width=\"1200\" title=\"Camera e Colazione - Panorama\" onerror=\"this.style.display='none'\"  \/>\n\tIn den kalabresischen Bergen inmitten der Natur haben wir unser Landhaus renoviert.<br \/>\nUnser Hof steht in <strong>Santa<\/strong> <strong>Croce<\/strong>, im Gemeindebezirk von <strong>Martirano<\/strong> <strong>Lombardo<\/strong>, umringt von Bergen und auch mit einem kleinen Ausschnitt vom Tyrrhenischen Meer und dem Vulkan Stromboli.<br \/>\nBei einem Gl\u00e4schen Limoncello <strong><a href=\"https:\/\/fion.bio\/de\/produkte\/limoncello\/\" target=\"_blank\" rel=\"noopener noreferrer\"> fion<\/a><\/strong>genie\u00dfen Sie das beeindruckende Panorama und die spektakul\u00e4ren Sonnenunterg\u00e4nge in der Abendbrise.\n\tAufgeweckt werden Sie von unserem<strong> Esel Toni<\/strong> oder dem <strong>Gockel Giovanni<\/strong>, beide echte Fr\u00fchaufsteher;<br \/>\nauch unsere anderen Tiere freuen sich auf Besuch und freuen sich gestreichelt zu werden.\n<p>Frische Eier, Obst und Gem\u00fcse k\u00f6nnen je nach Jahreszeit bei uns erworben werden.<\/p>\n\t\t\t\t<img loading=\"lazy\" decoding=\"async\" src=\"https:\/\/www.cameraecolazione.bio\/wp-content\/uploads\/2019\/08\/camera-e-colazione-foto-esterno-11.jpg\" alt=\"Camera e Colazione - Gianni, der Hahn\" itemprop=\"image\" height=\"800\" width=\"1200\" title=\"Camera e Colazione - Gianni, der Hahn\" onerror=\"this.style.display='none'\"  \/>\n\t\t\t\t<img loading=\"lazy\" decoding=\"async\" src=\"https:\/\/www.cameraecolazione.bio\/wp-content\/uploads\/2019\/09\/camera-e-colazione-foto-esterno-13.jpg\" alt=\"Camera e Colazione - Martirano Lombardo Calabria - Panorama\" itemprop=\"image\" height=\"800\" width=\"1200\" title=\"Camera e Colazione - Martirano Lombardo Calabria - Panorama\" onerror=\"this.style.display='none'\"  \/>\n\t<p>Unser Landhaus liegt auf 550m Seeh\u00f6he in der kleinen Sila, wenige Kilometer entfernt vom Meer, vom Gebirge und seinem gro\u00dfen Nationalpark. Es gibt die M\u00f6glichkeit Sehensw\u00fcrdigkeiten wie die <strong>Bronzen<\/strong> <strong>von Riace<\/strong> im Museum von Reggio Calabria, den <strong>Purpurkodex<\/strong> in Rossano oder die <strong>Ausgrabungen<\/strong> in Squillace bei verschiedenen Tagesausfl\u00fcgen zu besichtigen.<\/p>\n\t<p>Auf dem Hof leben neben Toni und Giovanni weitere Esel (vom Monte Amiata, Toskana), Schafe (Montafoner Steinschafe, Vorarlberg), zwei \u201eSuper Ponies\u201c aus Kalabrien, vietnamesische Schweine sowie G\u00e4nse, Enten, H\u00fchner, Wachteln, Kaninchen und Katzen die sich auf freundlich interessierte Besucher freuen.<\/p>\n\t\t\t\t<img loading=\"lazy\" decoding=\"async\" src=\"https:\/\/www.cameraecolazione.bio\/wp-content\/uploads\/2019\/08\/camera-e-colazione-foto-esterno-08.jpg\" alt=\"Schweine bei &quot;Camera e Colazione&quot; in Martirano Lombardo, Calabria\" itemprop=\"image\" height=\"800\" width=\"1200\" title=\"Schweine bei &quot;Camera e Colazione&quot; in Martirano Lombardo, Calabria\" onerror=\"this.style.display='none'\"  \/>\n\t\t\t\t<img loading=\"lazy\" decoding=\"async\" src=\"https:\/\/www.cameraecolazione.bio\/wp-content\/uploads\/2019\/08\/camera-e-colazione-foto-esterno-03.jpg\" alt=\"Camera e Colazione - Panorama\" itemprop=\"image\" height=\"800\" width=\"1200\" title=\"Camera e Colazione - Panorama\" onerror=\"this.style.display='none'\"  \/>\n\t<p>Wir haben uns auf einen kleinen CO2 Fu\u00dfabdruck und Nat\u00fcrlichkeit spezialisiert, beobachten die Tiere und genie\u00dfen die Landschaft, und besonders die spektakul\u00e4ren Sonnen Auf-und- Unterg\u00e4nge, das hei\u00dft aber nicht, dass man auf Fernsehen und Internet verzichten muss<\/p>\nUnser Hof ist geeignet f\u00fcr:<br \/>\n\u2022 Ferien am Bauernhof<br \/>\n\u2022 Familien Urlaub<br \/>\n\u2022 Urlaub mit Freunden auf zwei und vier Beinen<br \/>\n\u2022 Motorradtouren, Enduro Ausfahrten, Mountain bike Touren<br \/>\n\u2022 und vieles mehr\n\t\t\t\t<img loading=\"lazy\" decoding=\"async\" src=\"https:\/\/www.cameraecolazione.bio\/wp-content\/uploads\/2019\/08\/GVarie008.jpg\" alt=\"Camera e Colazione - Unsere Kirschen\" itemprop=\"image\" height=\"3648\" width=\"5472\" title=\"Camera e Colazione - Unsere Kirschen\" onerror=\"this.style.display='none'\"  \/>\n","protected":false},"excerpt":{"rendered":"<p>In den kalabresischen Bergen inmitten der Natur haben wir unser Landhaus renoviert. Unser Hof steht in Santa Croce, im Gemeindebezirk von Martirano Lombardo, umringt von Bergen und auch mit einem kleinen Ausschnitt vom Tyrrhenischen Meer und dem Vulkan Stromboli. Bei einem Gl\u00e4schen Limoncello fiongenie\u00dfen Sie das beeindruckende Panorama und die spektakul\u00e4ren Sonnenunterg\u00e4nge in der Abendbrise. [&hellip;]<\/p>\n","protected":false},"author":7,"featured_media":0,"parent":0,"menu_order":0,"comment_status":"closed","ping_status":"closed","template":"","meta":{"_uag_custom_page_level_css":"","site-sidebar-layout":"default","site-content-layout":"default","ast-site-content-layout":"default","site-content-style":"default","site-sidebar-style":"default","ast-global-header-display":"","ast-banner-title-visibility":"","ast-main-header-display":"","ast-hfb-above-header-display":"","ast-hfb-below-header-display":"","ast-hfb-mobile-header-display":"","site-post-title":"","ast-breadcrumbs-content":"","ast-featured-img":"","footer-sml-layout":"","ast-disable-related-posts":"","theme-transparent-header-meta":"default","adv-header-id-meta":"","stick-header-meta":"default","header-above-stick-meta":"","header-main-stick-meta":"","header-below-stick-meta":"","astra-migrate-meta-layouts":"default","ast-page-background-enabled":"default","ast-page-background-meta":{"desktop":{"background-color":"var(--ast-global-color-4)","background-image":"","background-repeat":"repeat","background-position":"center center","background-size":"auto","background-attachment":"scroll","background-type":"","background-media":"","overlay-type":"","overlay-color":"","overlay-opacity":"","overlay-gradient":""},"tablet":{"background-color":"","background-image":"","background-repeat":"repeat","background-position":"center center","background-size":"auto","background-attachment":"scroll","background-type":"","background-media":"","overlay-type":"","overlay-color":"","overlay-opacity":"","overlay-gradient":""},"mobile":{"background-color":"","background-image":"","background-repeat":"repeat","background-position":"center center","background-size":"auto","background-attachment":"scroll","background-type":"","background-media":"","overlay-type":"","overlay-color":"","overlay-opacity":"","overlay-gradient":""}},"ast-content-background-meta":{"desktop":{"background-color":"var(--ast-global-color-5)","background-image":"","background-repeat":"repeat","background-position":"center center","background-size":"auto","background-attachment":"scroll","background-type":"","background-media":"","overlay-type":"","overlay-color":"","overlay-opacity":"","overlay-gradient":""},"tablet":{"background-color":"var(--ast-global-color-5)","background-image":"","background-repeat":"repeat","background-position":"center center","background-size":"auto","background-attachment":"scroll","background-type":"","background-media":"","overlay-type":"","overlay-color":"","overlay-opacity":"","overlay-gradient":""},"mobile":{"background-color":"var(--ast-global-color-5)","background-image":"","background-repeat":"repeat","background-position":"center center","background-size":"auto","background-attachment":"scroll","background-type":"","background-media":"","overlay-type":"","overlay-color":"","overlay-opacity":"","overlay-gradient":""}},"footnotes":""},"class_list":["post-1676","page","type-page","status-publish","hentry"],"uagb_featured_image_src":{"full":false,"thumbnail":false,"medium":false,"medium_large":false,"large":false,"1536x1536":false,"2048x2048":false},"uagb_author_info":{"display_name":"Francesco De Medici","author_link":"https:\/\/www.cameraecolazione.bio\/de\/author\/francesco-de-medici\/"},"uagb_comment_info":0,"uagb_excerpt":"In den kalabresischen Bergen inmitten der Natur haben wir unser Landhaus renoviert. Unser Hof steht in Santa Croce, im Gemeindebezirk von Martirano Lombardo, umringt von Bergen und auch mit einem kleinen Ausschnitt vom Tyrrhenischen Meer und dem Vulkan Stromboli. Bei einem Gl\u00e4schen Limoncello fiongenie\u00dfen Sie das beeindruckende Panorama und die spektakul\u00e4ren Sonnenunterg\u00e4nge in der Abendbrise.&hellip;","_links":{"self":[{"href":"https:\/\/www.cameraecolazione.bio\/de\/wp-json\/wp\/v2\/pages\/1676","targetHints":{"allow":["GET"]}}],"collection":[{"href":"https:\/\/www.cameraecolazione.bio\/de\/wp-json\/wp\/v2\/pages"}],"about":[{"href":"https:\/\/www.cameraecolazione.bio\/de\/wp-json\/wp\/v2\/types\/page"}],"author":[{"embeddable":true,"href":"https:\/\/www.cameraecolazione.bio\/de\/wp-json\/wp\/v2\/users\/7"}],"replies":[{"embeddable":true,"href":"https:\/\/www.cameraecolazione.bio\/de\/wp-json\/wp\/v2\/comments?post=1676"}],"version-history":[{"count":6,"href":"https:\/\/www.cameraecolazione.bio\/de\/wp-json\/wp\/v2\/pages\/1676\/revisions"}],"predecessor-version":[{"id":1939,"href":"https:\/\/www.cameraecolazione.bio\/de\/wp-json\/wp\/v2\/pages\/1676\/revisions\/1939"}],"wp:attachment":[{"href":"https:\/\/www.cameraecolazione.bio\/de\/wp-json\/wp\/v2\/media?parent=1676"}],"curies":[{"name":"wp","href":"https:\/\/api.w.org\/{rel}","templated":true}]}}