{"id":1664,"date":"2019-09-26T16:22:55","date_gmt":"2019-09-26T14:22:55","guid":{"rendered":"https:\/\/cameraecolazione.bio\/wer-sind-wir\/"},"modified":"2019-11-02T10:46:30","modified_gmt":"2019-11-02T09:46:30","slug":"wer-sind-wir","status":"publish","type":"page","link":"https:\/\/www.cameraecolazione.bio\/de\/wer-sind-wir\/","title":{"rendered":"Wer sind wir"},"content":{"rendered":"\n\t\t\t\t<img decoding=\"async\" src=\"https:\/\/www.cameraecolazione.bio\/wp-content\/uploads\/2019\/08\/camera-e-colazione-foto-esterno-10.jpg\" alt=\"camera e colazione - Fiona con i cani\" title=\"camera e colazione camera e colazione - Fiona con i cani\" itemprop=\"image\"  \/>\n\t<p><strong>Fiona Trauttmansdorff<\/strong> entstammt dem \u00f6sterreichisch-b\u00f6hmischen Uradel. Die Familie lebte f\u00fcr Jahrhunderte von der Land- und Forstwirtschaft.<\/p>\n<p>Fiona ist zwar in Wien aufgewachsen, doch erlebte sie von klein auf, haupts\u00e4chlich durch ihre Eltern und Gro\u00dfeltern, wie wichtig es ist mit der Natur im Einklang zu leben.<\/p>\n<p>Fiona entschied sich ein Handwerk zu erlernen, es ist ihr heute noch wichtig mit ihren H\u00e4nden zu arbeiten. Sie machte die Tapezierer- Meisterpr\u00fcfung, wurde selbstst\u00e4ndig und spezialisierte sich auf die Restaurierung alter M\u00f6bel.<\/p>\n\t<p>Durch ihre Hochzeit mit Francesco de\u2019 Medici, aus einer alten Familie Kalabriens stammend, doch selbst in Rom gro\u00df geworden, entschieden beide zu seinen Wurzeln zur\u00fcckzukehren, ein gro\u00dfer Schritt ohne sicheren Ausgang.<\/p>\n<p>Dort, in Kalabrien, nahm ein anf\u00e4nglich m\u00fchsamer Weg seinen Lauf: sie bem\u00fchten sich den verlassenen und verwilderten elterlichen Hof wieder zu neuem Leben zu erwecken.<\/p>\n\t\t\t\t<img decoding=\"async\" src=\"https:\/\/www.cameraecolazione.bio\/wp-content\/uploads\/2019\/09\/Camera-e-Colazione-Francesco-de-Medici.jpg\" alt=\"Camera e Colazione - Francesco de Medici\" title=\"Camera e Colazione - Francesco de Medici\" itemprop=\"image\"  \/>\n\t\t\t\t<img decoding=\"async\" src=\"https:\/\/www.cameraecolazione.bio\/wp-content\/uploads\/2019\/08\/AEsterni008.jpg\" alt=\"CameraeColazione.bio Esterno B&amp;B\" title=\"CameraeColazione.bio Esterno B&amp;B\" itemprop=\"image\"  \/>\n\t<p>Zuerst alleine und dann mit Hilfe, begann Fiona einen Teil des Landgutes von Dornen und Gestr\u00fcpp zu befreien, um es aus seinem Dornr\u00f6schenschlaf zu erwecken<\/p>\nDarunter fand sie alte Olivenb\u00e4ume, aber auch einen alten verwachsenen Streuobstgarten mit Nuss-, Mandel- und alten Obstb\u00e4umen. Die Entdeckung dieses Naturschatzes entfachte endg\u00fcltig ihre Liebe zu diesem fruchtbaren Landstrich Kalabriens.<br \/>\nAus dieser Inspiration entwickelte sie <a href=\"https:\/\/fion.bio\/de\/\" target=\"_blank\" rel=\"noopener noreferrer\">fion<\/a>.\n","protected":false},"excerpt":{"rendered":"<p>Fiona Trauttmansdorff entstammt dem \u00f6sterreichisch-b\u00f6hmischen Uradel. Die Familie lebte f\u00fcr Jahrhunderte von der Land- und Forstwirtschaft. Fiona ist zwar in Wien aufgewachsen, doch erlebte sie von klein auf, haupts\u00e4chlich durch ihre Eltern und Gro\u00dfeltern, wie wichtig es ist mit der Natur im Einklang zu leben. Fiona entschied sich ein Handwerk zu erlernen, es ist ihr [&hellip;]<\/p>\n","protected":false},"author":7,"featured_media":0,"parent":0,"menu_order":0,"comment_status":"closed","ping_status":"closed","template":"","meta":{"_uag_custom_page_level_css":"","site-sidebar-layout":"no-sidebar","site-content-layout":"page-builder","ast-site-content-layout":"default","site-content-style":"default","site-sidebar-style":"default","ast-global-header-display":"","ast-banner-title-visibility":"","ast-main-header-display":"","ast-hfb-above-header-display":"","ast-hfb-below-header-display":"","ast-hfb-mobile-header-display":"","site-post-title":"disabled","ast-breadcrumbs-content":"","ast-featured-img":"disabled","footer-sml-layout":"","ast-disable-related-posts":"","theme-transparent-header-meta":"","adv-header-id-meta":"","stick-header-meta":"","header-above-stick-meta":"","header-main-stick-meta":"","header-below-stick-meta":"","astra-migrate-meta-layouts":"default","ast-page-background-enabled":"default","ast-page-background-meta":{"desktop":{"background-color":"var(--ast-global-color-4)","background-image":"","background-repeat":"repeat","background-position":"center center","background-size":"auto","background-attachment":"scroll","background-type":"","background-media":"","overlay-type":"","overlay-color":"","overlay-opacity":"","overlay-gradient":""},"tablet":{"background-color":"","background-image":"","background-repeat":"repeat","background-position":"center center","background-size":"auto","background-attachment":"scroll","background-type":"","background-media":"","overlay-type":"","overlay-color":"","overlay-opacity":"","overlay-gradient":""},"mobile":{"background-color":"","background-image":"","background-repeat":"repeat","background-position":"center center","background-size":"auto","background-attachment":"scroll","background-type":"","background-media":"","overlay-type":"","overlay-color":"","overlay-opacity":"","overlay-gradient":""}},"ast-content-background-meta":{"desktop":{"background-color":"var(--ast-global-color-5)","background-image":"","background-repeat":"repeat","background-position":"center center","background-size":"auto","background-attachment":"scroll","background-type":"","background-media":"","overlay-type":"","overlay-color":"","overlay-opacity":"","overlay-gradient":""},"tablet":{"background-color":"var(--ast-global-color-5)","background-image":"","background-repeat":"repeat","background-position":"center center","background-size":"auto","background-attachment":"scroll","background-type":"","background-media":"","overlay-type":"","overlay-color":"","overlay-opacity":"","overlay-gradient":""},"mobile":{"background-color":"var(--ast-global-color-5)","background-image":"","background-repeat":"repeat","background-position":"center center","background-size":"auto","background-attachment":"scroll","background-type":"","background-media":"","overlay-type":"","overlay-color":"","overlay-opacity":"","overlay-gradient":""}},"footnotes":""},"class_list":["post-1664","page","type-page","status-publish","hentry"],"uagb_featured_image_src":{"full":false,"thumbnail":false,"medium":false,"medium_large":false,"large":false,"1536x1536":false,"2048x2048":false},"uagb_author_info":{"display_name":"Francesco De Medici","author_link":"https:\/\/www.cameraecolazione.bio\/de\/author\/francesco-de-medici\/"},"uagb_comment_info":0,"uagb_excerpt":"Fiona Trauttmansdorff entstammt dem \u00f6sterreichisch-b\u00f6hmischen Uradel. Die Familie lebte f\u00fcr Jahrhunderte von der Land- und Forstwirtschaft. Fiona ist zwar in Wien aufgewachsen, doch erlebte sie von klein auf, haupts\u00e4chlich durch ihre Eltern und Gro\u00dfeltern, wie wichtig es ist mit der Natur im Einklang zu leben. Fiona entschied sich ein Handwerk zu erlernen, es ist ihr&hellip;","_links":{"self":[{"href":"https:\/\/www.cameraecolazione.bio\/de\/wp-json\/wp\/v2\/pages\/1664","targetHints":{"allow":["GET"]}}],"collection":[{"href":"https:\/\/www.cameraecolazione.bio\/de\/wp-json\/wp\/v2\/pages"}],"about":[{"href":"https:\/\/www.cameraecolazione.bio\/de\/wp-json\/wp\/v2\/types\/page"}],"author":[{"embeddable":true,"href":"https:\/\/www.cameraecolazione.bio\/de\/wp-json\/wp\/v2\/users\/7"}],"replies":[{"embeddable":true,"href":"https:\/\/www.cameraecolazione.bio\/de\/wp-json\/wp\/v2\/comments?post=1664"}],"version-history":[{"count":5,"href":"https:\/\/www.cameraecolazione.bio\/de\/wp-json\/wp\/v2\/pages\/1664\/revisions"}],"predecessor-version":[{"id":1902,"href":"https:\/\/www.cameraecolazione.bio\/de\/wp-json\/wp\/v2\/pages\/1664\/revisions\/1902"}],"wp:attachment":[{"href":"https:\/\/www.cameraecolazione.bio\/de\/wp-json\/wp\/v2\/media?parent=1664"}],"curies":[{"name":"wp","href":"https:\/\/api.w.org\/{rel}","templated":true}]}}