{"id":1662,"date":"2019-09-26T13:33:35","date_gmt":"2019-09-26T11:33:35","guid":{"rendered":"https:\/\/cameraecolazione.bio\/home\/"},"modified":"2020-07-24T11:31:01","modified_gmt":"2020-07-24T09:31:01","slug":"home","status":"publish","type":"page","link":"https:\/\/www.cameraecolazione.bio\/de\/","title":{"rendered":"Camera e Colazione | Martirano Lombardo in Kalabrien"},"content":{"rendered":"\n\t\t\t<img decoding=\"async\" src=\"https:\/\/www.cameraecolazione.bio\/wp-content\/uploads\/2019\/08\/Oche-presso-Camera-e-Colazione-a-Martirano-Lombardo-Calabria.jpg\" alt=\"Oche presso Camera e Colazione a Martirano Lombardo Calabria\" \/>\t\t\t\n\t\t\t\t<h2>Nature is not a place to visit.<br>It is home.<\/h2><p><em>Gary Snyder<\/em><\/p>\n\t\t\t<img decoding=\"async\" src=\"https:\/\/www.cameraecolazione.bio\/wp-content\/uploads\/2019\/08\/Maiali-presso-Camera-e-Colazione-a-Martirano-Lombardo-Calabria-1.jpg\" alt=\"Maiali presso Camera e Colazione a Martirano Lombardo Calabria\" \/>\t\t\t\n\t\t\t\t<h2>The world is a fine place and worth fighting for and i hate very much to leave it<\/h2><p><em>Ernest Hemingway<\/em><\/p>\n\t\t\t<img decoding=\"async\" src=\"https:\/\/www.cameraecolazione.bio\/wp-content\/uploads\/2019\/08\/Cavallo-presso-Camera-e-Colazione-a-Martirano-Lombardo-Calabria.jpg\" alt=\"Cavallo presso Camera e Colazione a Martirano Lombardo Calabria\" \/>\t\t\t\n\t\t\t\t<h2>Schau ganz tief in die Natur, und dann verstehst du alles besser.<\/h2><p><em>Albert Einstein<\/em><\/p>\n\t<p>Ferien im S\u00fcden, Abenteuer in Europa, Meer und Gebirge nur wenige Kilometer entfernt, gutes Essen, und alte Kultur genie\u00dfen?<\/p>\n\t\t\t\t<img loading=\"lazy\" decoding=\"async\" src=\"https:\/\/www.cameraecolazione.bio\/wp-content\/uploads\/2019\/06\/Camera-e-Colazione.png\" alt=\"Camera e Colazione - logo\" itemprop=\"image\" height=\"180\" width=\"500\" title=\"&quot;Camera e Colazione&quot;\" onerror=\"this.style.display='none'\"  \/>\n\t<h3>dann sind Sie bei uns richtig<\/h3>\n\t\t\t\t<img decoding=\"async\" src=\"https:\/\/www.cameraecolazione.bio\/wp-content\/uploads\/2019\/08\/CFiona014.jpg\" alt=\"Accoglienza Agriturismo Camera e Colazione\" title=\"Accoglienza Agriturismo Camera e Colazione\" itemprop=\"image\"\/>\n\t<p>In den kalabresischen Bergen, inmitten der Natur, haben wir unser Landhaus renoviert und in <strong>\u00a0Camera e Colazione<\/strong> verwandelt.<\/p>\n<p>Das Landhaus ist Teil unseres Hofes in Santa Croce, im Gemeindebezirk von <strong>Martirano<\/strong> <strong>Lombardo<\/strong>, umringt von Bergen und mit einer sch\u00f6nen Aussicht auf das <strong>Tyrrhenische<\/strong> <strong>Meer<\/strong> und den <strong>Vulkan<\/strong> <strong>Stromboli<\/strong>.<\/p>\nBei einem <strong>Gl\u00e4schen<\/strong> <strong>Limoncello<\/strong> <a href=\"https:\/\/fion.bio\/de\/produkte\/limoncello\/\" target=\"_blank\" rel=\"noopener noreferrer\">fion<\/a>genie\u00dfen Sie das <strong>beeindruckende<\/strong> <strong>Panorama<\/strong> und die <strong>spektakul\u00e4ren<\/strong> <strong>Sonnenunterg\u00e4nge<\/strong> in der Abendbrise.<br \/>\nAufgeweckt werden Sie von unserem <strong>Esel<\/strong> Toni oder dem <strong>Gockel<\/strong> Giovanni, beide echte Fr\u00fchaufsteher;<br \/>\nauch unsere anderen Tiere freuen sich auf Besuch und freuen sich gestreichelt zu werden.\n<p><a href=\"https:\/\/www.cameraecolazione.bio\/de\/das-haus-das-sie-beherbergen-wird\/\">Lesen Sie weiter&#8230;<\/a><\/p>\n\t\t\t\t<img loading=\"lazy\" decoding=\"async\" src=\"https:\/\/www.cameraecolazione.bio\/wp-content\/uploads\/2019\/06\/Camera-e-Colazione-DB@2x.png\" alt=\"Camera e Colazione - logo\" itemprop=\"image\" height=\"360\" width=\"1000\" title=\"Camera e Colazione\" onerror=\"this.style.display='none'\"  \/>\n\t\t\t<a href=\"https:\/\/www.cameraecolazione.bio\/de\/kontakte\/\" target=\"_self\" role=\"button\" rel=\"noopener noreferrer\">\n\t\t\t\t\t\t\t-> Kontaktieren Sie uns\n\t\t<\/a>\n\t<h2>\n\t\t\t\tUnsere Unterkunft\n\t\t\t<\/h2>\n\t\t<p><strong>Camera e Colazione<\/strong> ist von Ostern bis nach Allerheiligen ge\u00f6ffnet, f\u00fcr besondere Anfragen schicken Sie bitte eine <a href=\"https:\/\/www.cameraecolazione.bio\/de\/kontakte\/\"><strong>Mail an Fiona<\/strong><\/a>.Es werden die zwei Stockwerke unabh\u00e4ngig voneinander vermietet, mindestens 3 \u00dcbernachtungen, f\u00fcr besondere W\u00fcnsche schreiben Sie bitte eine\u00a0<a href=\"https:\/\/www.cameraecolazione.bio\/de\/kontakte\/\"><strong>Mail an Fiona.<\/strong><\/a><\/p>\t\n\t\t\t\t<img decoding=\"async\" src=\"https:\/\/www.cameraecolazione.bio\/wp-content\/uploads\/2019\/08\/BInterni006.jpg\" alt=\"camera e colazione - Stanza Matrimoniale - Piano superiore\">\n\t\t\t<h3>Oberer Stock<br>&nbsp;<\/h3>\n\t\t\t\t<ul><li>4 Schlafzimmer (8 m\u00f6gliche G\u00e4ste)<\/li><li>1 Wohnzimmer mit Esstisch<\/li><li>1 Badezimmer und 1 Toilette mit Waschbecken<\/li><li>Terrasse mit Sitzm\u00f6glichkeit<\/li><\/ul>\n\t\t<a href=\"https:\/\/www.cameraecolazione.bio\/de\/zimmer\/#oberer-stock\" target=\"_self\" rel=\"noopener noreferrer\"><\/a>\n\t\t\t\t<img decoding=\"async\" src=\"https:\/\/www.cameraecolazione.bio\/wp-content\/uploads\/2019\/08\/BInterni022.jpg\" alt=\"camera e colazione - Stanza Matrimoniale - Piano inferiore\">\n\t\t\t<h3>Unterer Stock<br>mit K\u00fcche<\/h3>\n\t\t\t\t<ul><li>2 Schlafzimmer (5 m\u00f6gliche G\u00e4ste)<\/li><li>1 Wohnzimmer mit Essecke<\/li><li>2 Badezimmer<\/li><li>1 K\u00fcche<\/li><li>1 gro\u00dfer Esstisch im Freien<\/li><\/ul>\n\t\t<a href=\"https:\/\/www.cameraecolazione.bio\/de\/zimmer\/#unterer-stock\" target=\"_self\" rel=\"noopener noreferrer\"><\/a>\n\t\t\t\t<img decoding=\"async\" src=\"https:\/\/www.cameraecolazione.bio\/wp-content\/uploads\/2019\/09\/camera-e-colazione-foto-esterno-13.jpg\" alt=\"camera e colazione - esterno - Martirano Lombardo Calabria\">\n\t\t\t<h3>Das Landhaus<br>buchen Sie das ganze Haus<\/h3>\n\t\t\t\t<ul><li>6 Schlafzimmer (13 m\u00f6gliche G\u00e4ste)<\/li><li>2 Wohnzimmer mit Essecke<\/li><li>4 Badezimmer<\/li><li>1 K\u00fcche<\/li><li>1 gro\u00dfer Esstisch im Freien<\/li><li>Terrasse<\/li><li>Terrasse mit Sitzm\u00f6glichkeit<\/li><\/ul>\n\t\t<a href=\"https:\/\/www.cameraecolazione.bio\/de\/zimmer\/\" target=\"_self\" rel=\"noopener noreferrer\"><\/a>\n\t<h3>\n\t\t\t\tDas Landhaus mit Charme \n\t\t\t<\/h3>\n\t\t<p>Reservieren nicht vergessen!<\/p>\t\n\t<h2>\n\t\t\t\tUnsere Leistungen\n\t\t\t<\/h2>\n\t<h3>\n\t\t\t\tFr\u00fchst\u00fcck\n\t\t\t<\/h3>\n\t<h3>\n\t\t\t\tBettw\u00e4sche und Handt\u00fccher\n\t\t\t<\/h3>\n\t<h3>\n\t\t\t\tSatellitenfernsehen\n\t\t\t<\/h3>\n\t<h3>\n\t\t\t\tKostenlose Parkpl\u00e4tze\n\t\t\t<\/h3>\n\t<h3>\n\t\t\t\tFree Wi-Fi \n\t\t\t<\/h3>\n\t<h3>\n\t\t\t\t<a href=\"https:\/\/www.cameraecolazione.bio\/de\/kontakte\/\" title=\"Kommen Sie und entspannen Sie sich in unber\u00fchrter Natur\" target=\"_self\" rel=\"noopener noreferrer\">\n\t\t\t\tKommen Sie und entspannen Sie sich in unber\u00fchrter Natur\n\t\t\t\t<\/a>\n\t\t\t<\/h3>\n\t\tHier verbinden sich b\u00e4uerliche Tradition mit Leidenschaft f\u00fcr die Natur\t\n\t\t\t<a href=\"https:\/\/www.cameraecolazione.bio\/de\/kontakte\/\" target=\"_self\" role=\"button\" rel=\"noopener noreferrer\">\n\t\t\t\t\t\t\t-> Kontakt\n\t\t<\/a>\n\t<h2>\n\t\t\t\t<a href=\"https:\/\/www.cameraecolazione.bio\/de\/fiona-erzaehlt\/\" title=\"Fiona erz\u00e4hlt...\" target=\"_self\" rel=\"noopener noreferrer\">\n\t\t\t\tFiona erz\u00e4hlt&#8230;\n\t\t\t\t<\/a>\n\t\t\t<\/h2>\n\t\t\t\t<a href=\"https:\/\/www.cameraecolazione.bio\/de\/fiona-erzaehlt\/\" target=\"_self\" itemprop=\"url\" rel=\"noopener noreferrer\">\n\t\t\t\t<img loading=\"lazy\" decoding=\"async\" src=\"https:\/\/www.cameraecolazione.bio\/wp-content\/uploads\/2020\/07\/Ep1-Fiona.jpg\" alt=\"Wie kam es dazu das ich nach Kalabrien kam?\" itemprop=\"image\" height=\"480\" width=\"640\" title=\"Wie kam es dazu das ich nach Kalabrien kam?\" onerror=\"this.style.display='none'\"  \/>\n\t\t\t\t<\/a>\n\t\t\t\t<a href=\"https:\/\/www.cameraecolazione.bio\/de\/fiona-erzaehlt\/\" target=\"_self\" itemprop=\"url\" rel=\"noopener noreferrer\">\n\t\t\t\t<img loading=\"lazy\" decoding=\"async\" src=\"https:\/\/www.cameraecolazione.bio\/wp-content\/uploads\/2020\/07\/Ep-2-Fiona-scaled.jpg\" alt=\"Meine erste Reise\" itemprop=\"image\" height=\"1920\" width=\"2560\" title=\"Meine erste Reise\" onerror=\"this.style.display='none'\"  \/>\n\t\t\t\t<\/a>\n\t\t\t\t<a href=\"https:\/\/www.cameraecolazione.bio\/de\/fiona-erzaehlt\/\" target=\"_self\" itemprop=\"url\" rel=\"noopener noreferrer\">\n\t\t\t\t<img loading=\"lazy\" decoding=\"async\" src=\"https:\/\/www.cameraecolazione.bio\/wp-content\/uploads\/2020\/07\/EP-3-Fiona.png\" alt=\"die Kontraste in Kalabrien\" itemprop=\"image\" height=\"690\" width=\"920\" title=\"die Kontraste in Kalabrien\" onerror=\"this.style.display='none'\"  \/>\n\t\t\t\t<\/a>\n\t<h2>\n\t\t\t\tFotogalerie\n\t\t\t<\/h2>\n\t\t<blockquote>eine Augenweide f\u00fcr jeden &#8230;.<\/blockquote>\t\n<p>[ff id=&#8220;1&#8243;]<\/p>\n","protected":false},"excerpt":{"rendered":"<p>Nature is not a place to visit.It is home. Gary Snyder The world is a fine place and worth fighting for and i hate very much to leave it Ernest Hemingway Schau ganz tief in die Natur, und dann verstehst du alles besser. Albert Einstein Ferien im S\u00fcden, Abenteuer in Europa, Meer und Gebirge nur [&hellip;]<\/p>\n","protected":false},"author":7,"featured_media":0,"parent":0,"menu_order":0,"comment_status":"closed","ping_status":"closed","template":"","meta":{"_uag_custom_page_level_css":"","site-sidebar-layout":"no-sidebar","site-content-layout":"page-builder","ast-site-content-layout":"full-width-container","site-content-style":"unboxed","site-sidebar-style":"unboxed","ast-global-header-display":"","ast-banner-title-visibility":"","ast-main-header-display":"","ast-hfb-above-header-display":"","ast-hfb-below-header-display":"","ast-hfb-mobile-header-display":"","site-post-title":"disabled","ast-breadcrumbs-content":"","ast-featured-img":"disabled","footer-sml-layout":"","ast-disable-related-posts":"","theme-transparent-header-meta":"default","adv-header-id-meta":"","stick-header-meta":"default","header-above-stick-meta":"","header-main-stick-meta":"","header-below-stick-meta":"","astra-migrate-meta-layouts":"default","ast-page-background-enabled":"default","ast-page-background-meta":{"desktop":{"background-color":"var(--ast-global-color-4)","background-image":"","background-repeat":"repeat","background-position":"center center","background-size":"auto","background-attachment":"scroll","background-type":"","background-media":"","overlay-type":"","overlay-color":"","overlay-opacity":"","overlay-gradient":""},"tablet":{"background-color":"","background-image":"","background-repeat":"repeat","background-position":"center center","background-size":"auto","background-attachment":"scroll","background-type":"","background-media":"","overlay-type":"","overlay-color":"","overlay-opacity":"","overlay-gradient":""},"mobile":{"background-color":"","background-image":"","background-repeat":"repeat","background-position":"center center","background-size":"auto","background-attachment":"scroll","background-type":"","background-media":"","overlay-type":"","overlay-color":"","overlay-opacity":"","overlay-gradient":""}},"ast-content-background-meta":{"desktop":{"background-color":"var(--ast-global-color-5)","background-image":"","background-repeat":"repeat","background-position":"center center","background-size":"auto","background-attachment":"scroll","background-type":"","background-media":"","overlay-type":"","overlay-color":"","overlay-opacity":"","overlay-gradient":""},"tablet":{"background-color":"var(--ast-global-color-5)","background-image":"","background-repeat":"repeat","background-position":"center center","background-size":"auto","background-attachment":"scroll","background-type":"","background-media":"","overlay-type":"","overlay-color":"","overlay-opacity":"","overlay-gradient":""},"mobile":{"background-color":"var(--ast-global-color-5)","background-image":"","background-repeat":"repeat","background-position":"center center","background-size":"auto","background-attachment":"scroll","background-type":"","background-media":"","overlay-type":"","overlay-color":"","overlay-opacity":"","overlay-gradient":""}},"footnotes":""},"class_list":["post-1662","page","type-page","status-publish","hentry"],"uagb_featured_image_src":{"full":false,"thumbnail":false,"medium":false,"medium_large":false,"large":false,"1536x1536":false,"2048x2048":false},"uagb_author_info":{"display_name":"Francesco De Medici","author_link":"https:\/\/www.cameraecolazione.bio\/de\/author\/francesco-de-medici\/"},"uagb_comment_info":0,"uagb_excerpt":"Nature is not a place to visit.It is home. Gary Snyder The world is a fine place and worth fighting for and i hate very much to leave it Ernest Hemingway Schau ganz tief in die Natur, und dann verstehst du alles besser. Albert Einstein Ferien im S\u00fcden, Abenteuer in Europa, Meer und Gebirge nur&hellip;","_links":{"self":[{"href":"https:\/\/www.cameraecolazione.bio\/de\/wp-json\/wp\/v2\/pages\/1662","targetHints":{"allow":["GET"]}}],"collection":[{"href":"https:\/\/www.cameraecolazione.bio\/de\/wp-json\/wp\/v2\/pages"}],"about":[{"href":"https:\/\/www.cameraecolazione.bio\/de\/wp-json\/wp\/v2\/types\/page"}],"author":[{"embeddable":true,"href":"https:\/\/www.cameraecolazione.bio\/de\/wp-json\/wp\/v2\/users\/7"}],"replies":[{"embeddable":true,"href":"https:\/\/www.cameraecolazione.bio\/de\/wp-json\/wp\/v2\/comments?post=1662"}],"version-history":[{"count":20,"href":"https:\/\/www.cameraecolazione.bio\/de\/wp-json\/wp\/v2\/pages\/1662\/revisions"}],"predecessor-version":[{"id":2097,"href":"https:\/\/www.cameraecolazione.bio\/de\/wp-json\/wp\/v2\/pages\/1662\/revisions\/2097"}],"wp:attachment":[{"href":"https:\/\/www.cameraecolazione.bio\/de\/wp-json\/wp\/v2\/media?parent=1662"}],"curies":[{"name":"wp","href":"https:\/\/api.w.org\/{rel}","templated":true}]}}